{"id":4731,"date":"2017-02-10T07:56:25","date_gmt":"2017-02-10T07:56:25","guid":{"rendered":"https:\/\/red.com.bo\/?page_id=1002"},"modified":"2022-03-22T15:02:54","modified_gmt":"2022-03-22T15:02:54","slug":"red-inmobiliaria","status":"publish","type":"page","link":"https:\/\/red.com.bo\/?page_id=4731","title":{"rendered":"Red Inmobiliaria"},"content":{"rendered":"[vc_row content_placement=\u00bbbottom\u00bb][vc_column offset=\u00bbvc_col-md-6&#8243;][g5plus_space desktop=\u00bb95&#8243; tablet=\u00bb75&#8243; tablet_portrait=\u00bb55&#8243; mobile_landscape=\u00bb45&#8243; mobile=\u00bb45&#8243;][vc_column_text el_class=\u00bbmg-bottom-50&#8243;]\n<h2 class=\"fs-32 fw-semi-bold\"><span class=\"accent-color\">Quienes somos?<\/span><\/h2>\n<p class=\"fs-18 fw-medium\" style=\"color: #8f8f8f;\">RED INMOBILIARIA, nace en el 2017 como la primera franquicia boliviana de bienes ra\u00edces. Somos una empresa Joven, pero con sue\u00f1os muy grandes, nacemos con una visi\u00f3n comercial diferente, creemos en nuestra regi\u00f3n y decidimos apostar por el cambio de mentalidad y creemos que se puede desarrollar desde Bolivia, marcas de Exportaci\u00f3n&#8230;<\/p>\n[\/vc_column_text][\/vc_column][vc_column offset=\u00bbvc_col-md-6&#8243;][vc_single_image image=\u00bb4791&#8243; img_size=\u00bbfull\u00bb alignment=\u00bbcenter\u00bb][\/vc_column][\/vc_row][vc_row][vc_column][g5plus_heading layout_style=\u00bbstyle2&#8243; title=\u00bbPor que cambiar de mentalidad?\u00bb css=\u00bb.vc_custom_1647960345726{margin-bottom: 12px !important;}\u00bb][vc_column_text css=\u00bb.vc_custom_1647960375141{margin-bottom: 32px !important;}\u00bb]Las cosas m\u00e1s grandes que se crearon, nacieron como una simple idea, un sue\u00f1o que se hizo realidad en la mente de su creador. Por eso es importante cambiar de mentalidad.[\/vc_column_text][g5plus_heading layout_style=\u00bbstyle2&#8243; title=\u00bbPor que trabajar con RED INMOBILIARIA?\u00bb css=\u00bb.vc_custom_1647960395942{margin-bottom: 12px !important;}\u00bb][vc_column_text css=\u00bb.vc_custom_1647960417215{margin-bottom: 32px !important;}\u00bb]Nuestros clientes nos contratan para VENDER, no para OFRECER. Nuestros resultados nos respaldan. Definiendo un precio adecuado, tendremos el resultado asegurado.<br \/>\nSi te interesa VENDER o COMPRAR, contar\u00e1s con la gesti\u00f3n de toda nuestra RED de Agentes asociados y dedicados a conseguir estos resultados a nuestros clientes.[\/vc_column_text][g5plus_space desktop=\u00bb45&#8243; tablet=\u00bb70&#8243; tablet_portrait=\u00bb50&#8243; mobile_landscape=\u00bb45&#8243; mobile=\u00bb45&#8243;][g5plus_heading layout_style=\u00bbstyle2&#8243; title=\u00bbNuestros Servicios\u00bb css=\u00bb.vc_custom_1606333123578{margin-bottom: 12px !important;}\u00bb][vc_column_text css=\u00bb.vc_custom_1647960728836{margin-bottom: 32px !important;}\u00bb]<strong>Asesor\u00eda Inmobiliaria en:<\/strong><\/p>\n<ul>\n<li>Inmobiliaria tradicional, compra y venta de Casas, Departamentos, Terrenos, Oficinas, galpones<\/li>\n<li>Valoraci\u00f3n comercial de inmuebles<\/li>\n<li>Asesor\u00eda para compras en preventa<\/li>\n<li>Asesor\u00eda para inversiones de engorde<\/li>\n<li>Asesor\u00eda para inversiones en desarrollos de proyectos inmobiliarios<\/li>\n<li>Asesor\u00eda para acuerdos de inversi\u00f3n conjunta con constructoras<\/li>\n<\/ul>\n<p><strong>CUALQUIERA TE HACE INVERTIR, PERO NO CUALQUIERA HACE QUE HAGAS UNA BUENA INVERSI\u00d3N<\/strong>[\/vc_column_text][\/vc_column][\/vc_row][vc_row full_width=\u00bbstretch_row\u00bb css=\u00bb.vc_custom_1480646477720{background-image: url(https:\/\/red.com.bo\/wp-content\/uploads\/2016\/12\/background-counter.jpg?id=190) !important;background-position: 0 0 !important;background-repeat: repeat !important;}\u00bb][vc_column][g5plus_space desktop=\u00bb103&#8243; tablet=\u00bb85&#8243; tablet_portrait=\u00bb65&#8243; mobile_landscape=\u00bb45&#8243; mobile=\u00bb45&#8243;][\/vc_column][vc_column width=\u00bb1\/2&#8243; el_class=\u00bbcol-mb-12 sm-mg-bottom-45&#8243; offset=\u00bbvc_col-md-3 vc_col-xs-6&#8243;][g5plus_counter title=\u00bbFRANQUICIAS\u00bb icon_type=\u00bbicon\u00bb icon_font=\u00bbicon-garage\u00bb end=\u00bb4&#8243; separator=\u00bb\u00bb decimal=\u00bb\u00bb suffix=\u00bb+\u00bb][\/vc_column][vc_column width=\u00bb1\/2&#8243; el_class=\u00bbcol-mb-12 sm-mg-bottom-45&#8243; offset=\u00bbvc_col-md-3 vc_col-xs-6&#8243;][g5plus_counter title=\u00bbAGENTES INMOBILIARIOS\u00bb icon_type=\u00bbicon\u00bb icon_font=\u00bbicon-hand\u00bb end=\u00bb60&#8243; separator=\u00bb\u00bb decimal=\u00bb\u00bb suffix=\u00bb+\u00bb][\/vc_column][vc_column width=\u00bb1\/2&#8243; el_class=\u00bbcol-mb-12 sm-mg-bottom-45&#8243; offset=\u00bbvc_col-md-3 vc_col-xs-6&#8243;][g5plus_counter title=\u00bbTAZAS DE CAF\u00c9 CON CLIENTES\u00bb icon_type=\u00bbicon\u00bb icon_font=\u00bbfas fa-mug-hot\u00bb end=\u00bb250&#8243; separator=\u00bb\u00bb decimal=\u00bb\u00bb suffix=\u00bb+\u00bb][\/vc_column][vc_column][g5plus_space desktop=\u00bb100&#8243; tablet=\u00bb80&#8243; tablet_portrait=\u00bb60&#8243; mobile_landscape=\u00bb0&#8243; mobile=\u00bb0&#8243;][\/vc_column][\/vc_row]\n","protected":false},"excerpt":{"rendered":"<p>[vc_row content_placement=\u00bbbottom\u00bb][vc_column offset=\u00bbvc_col-md-6&#8243;][g5plus_space desktop=\u00bb95&#8243; tablet=\u00bb75&#8243; tablet_portrait=\u00bb55&#8243; mobile_landscape=\u00bb45&#8243; mobile=\u00bb45&#8243;][vc_column_text el_class=\u00bbmg-bottom-50&#8243;] Quienes somos? RED INMOBILIARIA, nace en el 2017 como la primera franquicia boliviana de bienes ra\u00edces. Somos una empresa Joven, pero con sue\u00f1os muy grandes, nacemos con una visi\u00f3n comercial diferente, creemos en nuestra regi\u00f3n y decidimos apostar por el cambio de mentalidad y creemos que [&hellip;]<\/p>\n","protected":false},"author":1,"featured_media":0,"parent":0,"menu_order":0,"comment_status":"closed","ping_status":"closed","template":"","meta":{"footnotes":""},"class_list":["post-4731","page","type-page","status-publish","hentry"],"yoast_head":"<!-- This site is optimized with the Yoast SEO plugin v19.3 - https:\/\/yoast.com\/wordpress\/plugins\/seo\/ -->\n<title>Red Inmobiliaria - Red Inmobiliaria<\/title>\n<meta name=\"robots\" content=\"index, follow, max-snippet:-1, max-image-preview:large, max-video-preview:-1\" \/>\n<link rel=\"canonical\" href=\"https:\/\/red.com.bo\/?page_id=4731\" \/>\n<meta property=\"og:locale\" content=\"es_ES\" \/>\n<meta property=\"og:type\" content=\"article\" \/>\n<meta property=\"og:title\" content=\"Red Inmobiliaria - Red Inmobiliaria\" \/>\n<meta property=\"og:description\" content=\"[vc_row content_placement=\u00bbbottom\u00bb][vc_column offset=\u00bbvc_col-md-6&#8243;][g5plus_space desktop=\u00bb95&#8243; tablet=\u00bb75&#8243; tablet_portrait=\u00bb55&#8243; mobile_landscape=\u00bb45&#8243; mobile=\u00bb45&#8243;][vc_column_text el_class=\u00bbmg-bottom-50&#8243;] Quienes somos? RED INMOBILIARIA, nace en el 2017 como la primera franquicia boliviana de bienes ra\u00edces. Somos una empresa Joven, pero con sue\u00f1os muy grandes, nacemos con una visi\u00f3n comercial diferente, creemos en nuestra regi\u00f3n y decidimos apostar por el cambio de mentalidad y creemos que [&hellip;]\" \/>\n<meta property=\"og:url\" content=\"https:\/\/red.com.bo\/?page_id=4731\" \/>\n<meta property=\"og:site_name\" content=\"Red Inmobiliaria\" \/>\n<meta property=\"article:publisher\" content=\"https:\/\/www.facebook.com\/red.bolivia\" \/>\n<meta property=\"article:modified_time\" content=\"2022-03-22T15:02:54+00:00\" \/>\n<meta name=\"twitter:card\" content=\"summary_large_image\" \/>\n<meta name=\"twitter:label1\" content=\"Tiempo de lectura\" \/>\n\t<meta name=\"twitter:data1\" content=\"3 minutos\" \/>\n<script type=\"application\/ld+json\" class=\"yoast-schema-graph\">{\"@context\":\"https:\/\/schema.org\",\"@graph\":[{\"@type\":\"Organization\",\"@id\":\"https:\/\/red.com.bo\/#organization\",\"name\":\"RED INMOBILIARIA\",\"url\":\"https:\/\/red.com.bo\/\",\"sameAs\":[\"https:\/\/www.facebook.com\/red.bolivia\"],\"logo\":{\"@type\":\"ImageObject\",\"inLanguage\":\"es\",\"@id\":\"https:\/\/red.com.bo\/#\/schema\/logo\/image\/\",\"url\":\"https:\/\/red.com.bo\/wp-content\/uploads\/2022\/03\/logored.png\",\"contentUrl\":\"https:\/\/red.com.bo\/wp-content\/uploads\/2022\/03\/logored.png\",\"width\":300,\"height\":114,\"caption\":\"RED INMOBILIARIA\"},\"image\":{\"@id\":\"https:\/\/red.com.bo\/#\/schema\/logo\/image\/\"}},{\"@type\":\"WebSite\",\"@id\":\"https:\/\/red.com.bo\/#website\",\"url\":\"https:\/\/red.com.bo\/\",\"name\":\"Red Inmobiliaria\",\"description\":\"Compra, venta y alquiler de inmuebles en Santa Cruz\",\"publisher\":{\"@id\":\"https:\/\/red.com.bo\/#organization\"},\"potentialAction\":[{\"@type\":\"SearchAction\",\"target\":{\"@type\":\"EntryPoint\",\"urlTemplate\":\"https:\/\/red.com.bo\/?s={search_term_string}\"},\"query-input\":\"required name=search_term_string\"}],\"inLanguage\":\"es\"},{\"@type\":\"WebPage\",\"@id\":\"https:\/\/red.com.bo\/?page_id=4731\",\"url\":\"https:\/\/red.com.bo\/?page_id=4731\",\"name\":\"Red Inmobiliaria - Red Inmobiliaria\",\"isPartOf\":{\"@id\":\"https:\/\/red.com.bo\/#website\"},\"datePublished\":\"2017-02-10T07:56:25+00:00\",\"dateModified\":\"2022-03-22T15:02:54+00:00\",\"breadcrumb\":{\"@id\":\"https:\/\/red.com.bo\/?page_id=4731#breadcrumb\"},\"inLanguage\":\"es\",\"potentialAction\":[{\"@type\":\"ReadAction\",\"target\":[\"https:\/\/red.com.bo\/?page_id=4731\"]}]},{\"@type\":\"BreadcrumbList\",\"@id\":\"https:\/\/red.com.bo\/?page_id=4731#breadcrumb\",\"itemListElement\":[{\"@type\":\"ListItem\",\"position\":1,\"name\":\"Portada\",\"item\":\"https:\/\/red.com.bo\/\"},{\"@type\":\"ListItem\",\"position\":2,\"name\":\"Red Inmobiliaria\"}]}]}<\/script>\n<!-- \/ Yoast SEO plugin. -->","yoast_head_json":{"title":"Red Inmobiliaria - Red Inmobiliaria","robots":{"index":"index","follow":"follow","max-snippet":"max-snippet:-1","max-image-preview":"max-image-preview:large","max-video-preview":"max-video-preview:-1"},"canonical":"https:\/\/red.com.bo\/?page_id=4731","og_locale":"es_ES","og_type":"article","og_title":"Red Inmobiliaria - Red Inmobiliaria","og_description":"[vc_row content_placement=\u00bbbottom\u00bb][vc_column offset=\u00bbvc_col-md-6&#8243;][g5plus_space desktop=\u00bb95&#8243; tablet=\u00bb75&#8243; tablet_portrait=\u00bb55&#8243; mobile_landscape=\u00bb45&#8243; mobile=\u00bb45&#8243;][vc_column_text el_class=\u00bbmg-bottom-50&#8243;] Quienes somos? RED INMOBILIARIA, nace en el 2017 como la primera franquicia boliviana de bienes ra\u00edces. Somos una empresa Joven, pero con sue\u00f1os muy grandes, nacemos con una visi\u00f3n comercial diferente, creemos en nuestra regi\u00f3n y decidimos apostar por el cambio de mentalidad y creemos que [&hellip;]","og_url":"https:\/\/red.com.bo\/?page_id=4731","og_site_name":"Red Inmobiliaria","article_publisher":"https:\/\/www.facebook.com\/red.bolivia","article_modified_time":"2022-03-22T15:02:54+00:00","twitter_card":"summary_large_image","twitter_misc":{"Tiempo de lectura":"3 minutos"},"schema":{"@context":"https:\/\/schema.org","@graph":[{"@type":"Organization","@id":"https:\/\/red.com.bo\/#organization","name":"RED INMOBILIARIA","url":"https:\/\/red.com.bo\/","sameAs":["https:\/\/www.facebook.com\/red.bolivia"],"logo":{"@type":"ImageObject","inLanguage":"es","@id":"https:\/\/red.com.bo\/#\/schema\/logo\/image\/","url":"https:\/\/red.com.bo\/wp-content\/uploads\/2022\/03\/logored.png","contentUrl":"https:\/\/red.com.bo\/wp-content\/uploads\/2022\/03\/logored.png","width":300,"height":114,"caption":"RED INMOBILIARIA"},"image":{"@id":"https:\/\/red.com.bo\/#\/schema\/logo\/image\/"}},{"@type":"WebSite","@id":"https:\/\/red.com.bo\/#website","url":"https:\/\/red.com.bo\/","name":"Red Inmobiliaria","description":"Compra, venta y alquiler de inmuebles en Santa Cruz","publisher":{"@id":"https:\/\/red.com.bo\/#organization"},"potentialAction":[{"@type":"SearchAction","target":{"@type":"EntryPoint","urlTemplate":"https:\/\/red.com.bo\/?s={search_term_string}"},"query-input":"required name=search_term_string"}],"inLanguage":"es"},{"@type":"WebPage","@id":"https:\/\/red.com.bo\/?page_id=4731","url":"https:\/\/red.com.bo\/?page_id=4731","name":"Red Inmobiliaria - Red Inmobiliaria","isPartOf":{"@id":"https:\/\/red.com.bo\/#website"},"datePublished":"2017-02-10T07:56:25+00:00","dateModified":"2022-03-22T15:02:54+00:00","breadcrumb":{"@id":"https:\/\/red.com.bo\/?page_id=4731#breadcrumb"},"inLanguage":"es","potentialAction":[{"@type":"ReadAction","target":["https:\/\/red.com.bo\/?page_id=4731"]}]},{"@type":"BreadcrumbList","@id":"https:\/\/red.com.bo\/?page_id=4731#breadcrumb","itemListElement":[{"@type":"ListItem","position":1,"name":"Portada","item":"https:\/\/red.com.bo\/"},{"@type":"ListItem","position":2,"name":"Red Inmobiliaria"}]}]}},"_links":{"self":[{"href":"https:\/\/red.com.bo\/index.php?rest_route=\/wp\/v2\/pages\/4731","targetHints":{"allow":["GET"]}}],"collection":[{"href":"https:\/\/red.com.bo\/index.php?rest_route=\/wp\/v2\/pages"}],"about":[{"href":"https:\/\/red.com.bo\/index.php?rest_route=\/wp\/v2\/types\/page"}],"author":[{"embeddable":true,"href":"https:\/\/red.com.bo\/index.php?rest_route=\/wp\/v2\/users\/1"}],"replies":[{"embeddable":true,"href":"https:\/\/red.com.bo\/index.php?rest_route=%2Fwp%2Fv2%2Fcomments&post=4731"}],"version-history":[{"count":8,"href":"https:\/\/red.com.bo\/index.php?rest_route=\/wp\/v2\/pages\/4731\/revisions"}],"predecessor-version":[{"id":4793,"href":"https:\/\/red.com.bo\/index.php?rest_route=\/wp\/v2\/pages\/4731\/revisions\/4793"}],"wp:attachment":[{"href":"https:\/\/red.com.bo\/index.php?rest_route=%2Fwp%2Fv2%2Fmedia&parent=4731"}],"curies":[{"name":"wp","href":"https:\/\/api.w.org\/{rel}","templated":true}]}}